{"id":1906,"date":"2022-11-11T18:49:56","date_gmt":"2022-11-11T23:49:56","guid":{"rendered":"https:\/\/www.frutygreen.com\/?page_id=1906"},"modified":"2024-03-27T08:34:36","modified_gmt":"2024-03-27T13:34:36","slug":"line-ethics-frutygreen","status":"publish","type":"page","link":"https:\/\/frutygreen.com\/en\/line-ethics-frutygreen\/","title":{"rendered":"Fruty Green ethical line"},"content":{"rendered":"\t\t<div data-elementor-type=\"wp-page\" data-elementor-id=\"1906\" class=\"elementor elementor-1906\" data-elementor-post-type=\"page\">\n\t\t\t\t<div class=\"elementor-element elementor-element-e56e7ae e-con-full e-flex e-con e-parent\" data-id=\"e56e7ae\" data-element_type=\"container\" data-e-type=\"container\" data-settings=\"{&quot;background_background&quot;:&quot;classic&quot;}\">\n\t\t<div class=\"elementor-element elementor-element-2311f6b e-con-full e-flex e-con e-child\" data-id=\"2311f6b\" data-element_type=\"container\" data-e-type=\"container\">\n\t\t<div class=\"elementor-element elementor-element-774db77 e-con-full e-flex e-con e-child\" data-id=\"774db77\" data-element_type=\"container\" data-e-type=\"container\">\n\t\t<div class=\"elementor-element elementor-element-b0786e3 e-con-full e-flex e-con e-child\" data-id=\"b0786e3\" data-element_type=\"container\" data-e-type=\"container\">\n\t\t\t\t<div class=\"elementor-element elementor-element-c935601 elementor-widget elementor-widget-heading\" data-id=\"c935601\" data-element_type=\"widget\" data-e-type=\"widget\" data-widget_type=\"heading.default\">\n\t\t\t\t<div class=\"elementor-widget-container\">\n\t\t\t\t\t<h1 class=\"elementor-heading-title elementor-size-default\">L\u00cdNEA \u00c9TICA FRUTY GREEN<\/h1>\t\t\t\t<\/div>\n\t\t\t\t<\/div>\n\t\t\t\t<div class=\"elementor-element elementor-element-7e3c2f2 elementor-widget elementor-widget-text-editor\" data-id=\"7e3c2f2\" data-element_type=\"widget\" data-e-type=\"widget\" data-widget_type=\"text-editor.default\">\n\t\t\t\t<div class=\"elementor-widget-container\">\n\t\t\t\t\t\t\t\t\t<p><nav aria-label=\"breadcrumbs\" class=\"rank-math-breadcrumb\"><p><span class=\"last\">Inicio<\/span><\/p><\/nav><\/p>\t\t\t\t\t\t\t\t<\/div>\n\t\t\t\t<\/div>\n\t\t\t\t<div class=\"elementor-element elementor-element-4a40b9f elementor-widget elementor-widget-heading\" data-id=\"4a40b9f\" data-element_type=\"widget\" data-e-type=\"widget\" data-widget_type=\"heading.default\">\n\t\t\t\t<div class=\"elementor-widget-container\">\n\t\t\t\t\t<h3 class=\"elementor-heading-title elementor-size-default\">OBJETIVO:<\/h3>\t\t\t\t<\/div>\n\t\t\t\t<\/div>\n\t\t\t\t<div class=\"elementor-element elementor-element-e7e785a elementor-widget elementor-widget-text-editor\" data-id=\"e7e785a\" data-element_type=\"widget\" data-e-type=\"widget\" data-widget_type=\"text-editor.default\">\n\t\t\t\t<div class=\"elementor-widget-container\">\n\t\t\t\t\t\t\t\t\t<p>Establecer una l\u00ednea \u00e9tica empresarial con la finalidad de que cualquier parte interesada reporte an\u00f3nimamente aspectos que vayan en contra de los principios y valores establecidos por la organizaci\u00f3n.<\/p><p>A trav\u00e9s de este canal, Fruty Green SAS y Fruty Green Packing SAS podr\u00e1n identificar y monitorear cualquier acto que ponga en riesgo la continuidad de sus operaciones y el relacionamiento a largo plazo con grupos de inter\u00e9s, y as\u00ed mismo, mantener su buena reputaci\u00f3n, sellos de calidad nacionales e internacionales.<\/p>\t\t\t\t\t\t\t\t<\/div>\n\t\t\t\t<\/div>\n\t\t\t\t<\/div>\n\t\t<div class=\"elementor-element elementor-element-0713fad e-con-full e-flex e-con e-child\" data-id=\"0713fad\" data-element_type=\"container\" data-e-type=\"container\">\n\t\t\t\t<div class=\"elementor-element elementor-element-744faa5 elementor-widget elementor-widget-heading\" data-id=\"744faa5\" data-element_type=\"widget\" data-e-type=\"widget\" data-widget_type=\"heading.default\">\n\t\t\t\t<div class=\"elementor-widget-container\">\n\t\t\t\t\t<h5 class=\"elementor-heading-title elementor-size-default\">Para registrar alguna queja, felicitaci\u00f3n, denuncia, reclamo o sugerencia por favor escanee el c\u00f3digo que aparece a continuaci\u00f3n y siga las instrucciones.<\/h5>\t\t\t\t<\/div>\n\t\t\t\t<\/div>\n\t\t\t\t<div class=\"elementor-element elementor-element-ca52ab6 elementor-widget elementor-widget-image\" data-id=\"ca52ab6\" data-element_type=\"widget\" data-e-type=\"widget\" data-widget_type=\"image.default\">\n\t\t\t\t<div class=\"elementor-widget-container\">\n\t\t\t\t\t\t\t\t\t\t\t\t\t\t\t<img fetchpriority=\"high\" decoding=\"async\" width=\"291\" height=\"341\" src=\"https:\/\/frutygreen.com\/wp-content\/uploads\/2024\/03\/WhatsApp-Image-2024-03-27-at-10.33.30-a.-m.jpeg\" class=\"attachment-large size-large wp-image-4412\" alt=\"\" srcset=\"https:\/\/frutygreen.com\/wp-content\/uploads\/2024\/03\/WhatsApp-Image-2024-03-27-at-10.33.30-a.-m.jpeg 291w, https:\/\/frutygreen.com\/wp-content\/uploads\/2024\/03\/WhatsApp-Image-2024-03-27-at-10.33.30-a.-m-256x300.jpeg 256w, https:\/\/frutygreen.com\/wp-content\/uploads\/2024\/03\/WhatsApp-Image-2024-03-27-at-10.33.30-a.-m-10x12.jpeg 10w\" sizes=\"(max-width: 291px) 100vw, 291px\" title=\"\">\t\t\t\t\t\t\t\t\t\t\t\t\t\t\t<\/div>\n\t\t\t\t<\/div>\n\t\t\t\t<\/div>\n\t\t\t\t<\/div>\n\t\t\t\t<div class=\"elementor-element elementor-element-562693f elementor-widget elementor-widget-heading\" data-id=\"562693f\" data-element_type=\"widget\" data-e-type=\"widget\" data-widget_type=\"heading.default\">\n\t\t\t\t<div class=\"elementor-widget-container\">\n\t\t\t\t\t<h3 class=\"elementor-heading-title elementor-size-default\">\u00bfQu\u00e9 conductas informar en la l\u00ednea \u00e9tica Fruty Green?<\/h3>\t\t\t\t<\/div>\n\t\t\t\t<\/div>\n\t\t\t\t<div class=\"elementor-element elementor-element-738a458 elementor-widget elementor-widget-text-editor\" data-id=\"738a458\" data-element_type=\"widget\" data-e-type=\"widget\" data-widget_type=\"text-editor.default\">\n\t\t\t\t<div class=\"elementor-widget-container\">\n\t\t\t\t\t\t\t\t\t<p><strong>a. Degradaci\u00f3n Ambiental:<\/strong> Conductas, acciones, o pr\u00e1cticas que de una u otra forma vulneren de forma irresponsable el medio ambiente de la zona de influencia, incluyendo: contaminaci\u00f3n de fuentes h\u00eddricas, captaciones ilegales, contaminaci\u00f3n visual por presencia de basuras o residuos, deforestaci\u00f3n, caza ilegal y todas las acciones que puedan ocasionar o dar como resultado situaciones potencialmente peligrosas que afectan el medio ambiente, la salud o la seguridad de los colaboradores, clientes u otros.<\/p><p><strong>b. Malas pr\u00e1cticas en Seguridad y Salud en el Trabajo:<\/strong> conductas, acciones o pr\u00e1cticas que afecten la integridad tanto f\u00edsica como psicol\u00f3gica de los colaboradores y\/o actores sociales que tengan relaci\u00f3n directa con la organizaci\u00f3n (contratistas, subcontratistas y visitantes).<\/p><p><strong>c. Gesti\u00f3n Humana:<\/strong> conductas, acciones o pr\u00e1cticas inadecuadas de los colaboradores en sociedad que vayan en contra de los principios corporativos y de los derechos humanos, con el prop\u00f3sito de incentivar el cumplimiento de est\u00e1ndares \u00e9ticos.<\/p><p>\u25cf Modalidades de Acoso<\/p><p>\u25cf Relaciones Laborales<\/p><p>\u25cf Discriminaci\u00f3n<\/p><p>\u25cf Agresi\u00f3n f\u00edsica y verbal<\/p><p>\u25cf Hostigamiento<\/p><p>\u25cf Intimidaci\u00f3n<\/p><p>\u25cf Comportamientos extralaborales indebidos de los trabajadores<\/p><p>\u25cf Uso indebido de la informaci\u00f3n confidencial.<\/p><p>\u25cf Apropiaci\u00f3n o uso indebido de los bienes de la compa\u00f1\u00eda.<\/p><p>\u25cf Abuso de las condiciones de administrador, funcionario o colaborador de la Compa\u00f1\u00eda para beneficio propio.<\/p><p>\u25cf Falsificaci\u00f3n de contratos, reportes o registros.<\/p><p><strong>e. Proceso Administrativo y Financiero<\/strong><\/p><p>\u25cf Sobornos<\/p><p>\u25cf Apropiaci\u00f3n de los recursos de la compa\u00f1\u00eda.<\/p><p>\u25cf Acceso ilegal a los sistemas de informaci\u00f3n.<\/p><p>\u25cf Conflictos de inter\u00e9s<\/p><p>\u25cf Corrupci\u00f3n y Fraude.<\/p><p><strong>f. Proceso de calidad.<\/strong><\/p><p>\u25cf Inadecuada manipulaci\u00f3n de la fruta.<\/p><p>\u25cf No aplicaci\u00f3n de protocolos y planes de higiene.<\/p><p>\u25cf Alteraci\u00f3n de reportes y registros.<\/p><p>\u25cf Incumplimiento en los protocolos de compra y acuerdos comerciales.<\/p><p>\u25cf Problemas relacionados con la seguridad, legalidad, integridad y calidad de la fruta y el proceso.<\/p><p>\u25cf Uso de la dotaci\u00f3n por fuera de las instalaciones de la empresa.<\/p><p>\u25cf Verificaci\u00f3n de los l\u00edmites m\u00e1ximos de residualidad.<\/p><p>\u25cf Fruta sin certificaci\u00f3n.<\/p>\t\t\t\t\t\t\t\t<\/div>\n\t\t\t\t<\/div>\n\t\t\t\t<div class=\"elementor-element elementor-element-3379902 elementor-widget elementor-widget-heading\" data-id=\"3379902\" data-element_type=\"widget\" data-e-type=\"widget\" data-widget_type=\"heading.default\">\n\t\t\t\t<div class=\"elementor-widget-container\">\n\t\t\t\t\t<h3 class=\"elementor-heading-title elementor-size-default\">Canales de atenci\u00f3n<\/h3>\t\t\t\t<\/div>\n\t\t\t\t<\/div>\n\t\t\t\t<div class=\"elementor-element elementor-element-f5baaf6 elementor-widget elementor-widget-heading\" data-id=\"f5baaf6\" data-element_type=\"widget\" data-e-type=\"widget\" data-widget_type=\"heading.default\">\n\t\t\t\t<div class=\"elementor-widget-container\">\n\t\t\t\t\t<h3 class=\"elementor-heading-title elementor-size-default\">Correo electr\u00f3nico:\n<\/h3>\t\t\t\t<\/div>\n\t\t\t\t<\/div>\n\t\t\t\t<div class=\"elementor-element elementor-element-539bc12 elementor-widget elementor-widget-heading\" data-id=\"539bc12\" data-element_type=\"widget\" data-e-type=\"widget\" data-widget_type=\"heading.default\">\n\t\t\t\t<div class=\"elementor-widget-container\">\n\t\t\t\t\t<h3 class=\"elementor-heading-title elementor-size-default\"><a href=\"mailto:lineaetica@frutygreen.com\">lineaetica@frutygreen.com<\/a><\/h3>\t\t\t\t<\/div>\n\t\t\t\t<\/div>\n\t\t\t\t<\/div>\n\t\t\t\t<\/div>\n\t\t\t\t<section class=\"elementor-section elementor-top-section elementor-element elementor-element-7fd4f64 elementor-section-boxed elementor-section-height-default elementor-section-height-default\" data-id=\"7fd4f64\" data-element_type=\"section\" data-e-type=\"section\">\n\t\t\t\t\t\t<div class=\"elementor-container elementor-column-gap-default\">\n\t\t\t\t\t<div class=\"elementor-column elementor-col-100 elementor-top-column elementor-element elementor-element-a19b2aa\" data-id=\"a19b2aa\" data-element_type=\"column\" data-e-type=\"column\">\n\t\t\t<div class=\"elementor-widget-wrap elementor-element-populated\">\n\t\t\t\t\t\t<div class=\"elementor-element elementor-element-29a7d40 elementor-widget elementor-widget-html\" data-id=\"29a7d40\" data-element_type=\"widget\" data-e-type=\"widget\" data-widget_type=\"html.default\">\n\t\t\t\t<div class=\"elementor-widget-container\">\n\t\t\t\t\t    <script type=\"application\/ld+json\">\n      {\n        \"@context\": \"https:\/\/schema.org\",\n        \"@graph\": [\n          {\n            \"@type\": [\"FoodEstablishment\", \"Organization\"],\n            \"@id\": \"https:\/\/frutygreen.com\/#organization\",\n            \"url\": \"https:\/\/frutygreen.com\/\",\n            \"email\": \"comercioexterior@frutygreen.com\",\n            \"telephone\": \"+57 322 761 6998\",\n            \"name\": \"Fruty Green\",\n            \"description\": \"Aguacate Colombiano Trabajamos para producir y comercializar un Aguacate Hass que cumpla con los m\u00e1s altos est\u00e1ndares de calidad.\",\n            \"slogan\": \"Hacerlo bien, hacerlo con amor\",\n            \"hasMap\": \"https:\/\/www.google.com\/maps\/place\/Cl.+3+Sur+%2343a-52,+El+Poblado,+Medell%C3%ADn,+El+Poblado,+Medell%C3%ADn,+Antioquia\/@6.2014165,-75.5728002,17z\/data=!3m1!4b1!4m6!3m5!1s0x8e468287417fb239:0x9a9e1040da2e6708!8m2!3d6.2014165!4d-75.5728002!16s%2Fg%2F11gfgqlvfz?sa=X&ved=2ahUKEwikwuGggJj9AhU1bTABHSrICbMQ8gF6BAgSEAI&coh=164777&entry=tt\",\n            \"geo\": {\n              \"@type\": \"GeoCoordinates\",\n              \"latitude\": \"6.201374\",\n              \"longitude\": \"-75.572800\"\n            },\n            \"openingHours\": [\n              \"Monday,Tuesday,Wednesday,Thursday,Friday,Saturday,Sunday 09:00-17:00\"\n            ],\n            \"logo\": {\n              \"@type\": \"ImageObject\",\n              \"inLanguage\": \"en-US\",\n              \"@id\": \"https:\/\/frutygreen.com\/#\/schema\/logo\/image\/\",\n              \"url\": \"https:\/\/frutygreen.com\/wp-content\/uploads\/2020\/11\/logofrutygreen.png\",\n              \"contentUrl\": \"https:\/\/frutygreen.com\/wp-content\/uploads\/2020\/11\/logofrutygreen.png\",\n              \"width\": \"180\",\n              \"height\": \"70\",\n              \"caption\": \"Fruty Green\"\n            },\n            \"sameAs\": [\n              \"https:\/\/www.facebook.com\/FrutyGreenSAS\",\n              \"https:\/\/www.instagram.com\/fruty_green\/\",\n              \"https:\/\/www.linkedin.com\/company\/fruty-green\/\"\n            ],\n            \"image\": {\n              \"@id\": \"https:\/\/frutygreen.com\/#\/schema\/logo\/image\/\"\n            },\n            \"address\": {\n              \"@type\": \"PostalAddress\",\n              \"addressLocality\": \"Medell\u00edn\",\n              \"addressRegion\": \"Antioquia\",\n              \"postalCode\": \"50022\",\n              \"streetAddress\": \"Calle 3 sur #43a \u2013 52\",\n              \"addressCountry\": \"CO\"\n            },\n            \"contactPoint\": {\n              \"@type\": \"ContactPoint\",\n              \"email\": \"comercioexterior@frutygreen.com\",\n              \"url\": \"https:\/\/frutygreen.com\/contactanos\/\",\n              \"availableLanguage\": [\"en-US\", \"es-CO\"]\n            }\n          },\n          {\n            \"@type\": \"WebPage\",\n            \"@id\": \"https:\/\/frutygreen.com\/linea-etica-frutygreen\/#webpage\",\n            \"url\": \"https:\/\/frutygreen.com\/linea-etica-frutygreen\/\",\n            \"name\": \"L\u00ednea \u00e9tica Fruty Green | Fruty Green\",\n            \"isPartOf\": { \"@id\": \"https:\/\/frutygreen.com\/#website\" },\n            \"primaryImageOfPage\": {\n              \"@id\": \"https:\/\/frutygreen.com\/linea-etica-frutygreen\/#primaryimage\"\n            },\n            \"image\": {\n              \"@id\": \"https:\/\/frutygreen.com\/linea-etica-frutygreen\/#primaryimage\"\n            },\n            \"thumbnailUrl\": \"https:\/\/frutygreen.com\/wp-content\/uploads\/2020\/11\/logofrutygreen.png\",\n            \"datePublished\": \"2022-11-02T23:00:53-05:00\",\n            \"dateModified\": \"2023-02-09T16:29:00-05:00\",\n            \"description\": \"L\u00ednea \u00e9tica Fruty Green conoce los que protegen la integridad de todos los que intervienen en nuestra empresa\",\n            \"breadcrumb\": {\n              \"@id\": \"https:\/\/frutygreen.com\/linea-etica-frutygreen\/#breadcrumb\"\n            },\n            \"inLanguage\": [\"es-CO\", \"en-US\"],\n            \"potentialAction\": [\n              {\n                \"@type\": \"ReadAction\",\n                \"target\": [\"https:\/\/frutygreen.com\/linea-etica-frutygreen\/\"]\n              }\n            ]\n          },\n          {\n            \"@type\": \"ImageObject\",\n            \"inLanguage\": \"es-CO\",\n            \"@id\": \"https:\/\/frutygreen.com\/linea-etica-frutygreen\/#primaryimage\",\n            \"url\": \"https:\/\/frutygreen.com\/wp-content\/uploads\/2020\/11\/logofrutygreen.png\",\n            \"contentUrl\": \"https:\/\/frutygreen.com\/wp-content\/uploads\/2020\/11\/logofrutygreen.png\",\n            \"width\": \"180\",\n            \"height\": \"70\"\n          },\n          {\n            \"@type\": \"BreadcrumbList\",\n            \"@id\": \"https:\/\/frutygreen.com\/linea-etica-frutygreen\/#breadcrumb\",\n            \"itemListElement\": [\n              {\n                \"@type\": \"ListItem\",\n                \"position\": 1,\n                \"name\": \"Inicio\",\n                \"item\": \"https:\/\/frutygreen.com\/\"\n              },\n              {\n                \"@type\": \"ListItem\",\n                \"position\": 2,\n                \"name\": \"L\u00ednea \u00e9tica Fruty Green\",\n                \"item\": \"https:\/\/frutygreen.com\/linea-etica-frutygreen\/\"\n              }\n            ]\n          },\n          {\n            \"@type\": \"WebSite\",\n            \"@id\": \"https:\/\/frutygreen.com\/#website\",\n            \"url\": \"https:\/\/frutygreen.com\/\",\n            \"name\": \"Fruty Green\",\n            \"publisher\": { \"@id\": \"https:\/\/frutygreen.com\/#organization\" },\n            \"potentialAction\": [\n              {\n                \"@type\": \"SearchAction\",\n                \"target\": {\n                  \"@type\": \"EntryPoint\",\n                  \"urlTemplate\": \"https:\/\/frutygreen.com\/?s={search_term_string}\"\n                },\n                \"query-input\": \"required name=search_term_string\"\n              }\n            ],\n            \"inLanguage\": [\"es-CO\", \"en-US\"],\n            \"keywords\": [\n              \"aguacate colombiano\",\n              \"tipos de aguacate en colombia\",\n              \"caracter\u00edsticas del aguacate hass colombiano\"\n            ]\n          }\n        ]\n      }      \n    <\/script>\t\t\t\t<\/div>\n\t\t\t\t<\/div>\n\t\t\t\t\t<\/div>\n\t\t<\/div>\n\t\t\t\t\t<\/div>\n\t\t<\/section>\n\t\t\t\t<\/div>\n\t\t","protected":false},"excerpt":{"rendered":"<p>L\u00cdNEA \u00c9TICA FRUTY GREEN OBJETIVO: Establecer una l\u00ednea \u00e9tica empresarial con la finalidad de que cualquier parte interesada reporte an\u00f3nimamente aspectos que vayan en contra de los principios y valores establecidos por la organizaci\u00f3n. A trav\u00e9s de este canal, Fruty Green SAS y Fruty Green Packing SAS podr\u00e1n identificar y monitorear cualquier acto que ponga [&hellip;]<\/p>\n","protected":false},"author":4,"featured_media":3220,"parent":0,"menu_order":0,"comment_status":"closed","ping_status":"closed","template":"elementor_header_footer","meta":{"footnotes":""},"class_list":["post-1906","page","type-page","status-publish","has-post-thumbnail","hentry"],"_links":{"self":[{"href":"https:\/\/frutygreen.com\/en\/wp-json\/wp\/v2\/pages\/1906","targetHints":{"allow":["GET"]}}],"collection":[{"href":"https:\/\/frutygreen.com\/en\/wp-json\/wp\/v2\/pages"}],"about":[{"href":"https:\/\/frutygreen.com\/en\/wp-json\/wp\/v2\/types\/page"}],"author":[{"embeddable":true,"href":"https:\/\/frutygreen.com\/en\/wp-json\/wp\/v2\/users\/4"}],"replies":[{"embeddable":true,"href":"https:\/\/frutygreen.com\/en\/wp-json\/wp\/v2\/comments?post=1906"}],"version-history":[{"count":84,"href":"https:\/\/frutygreen.com\/en\/wp-json\/wp\/v2\/pages\/1906\/revisions"}],"predecessor-version":[{"id":4415,"href":"https:\/\/frutygreen.com\/en\/wp-json\/wp\/v2\/pages\/1906\/revisions\/4415"}],"wp:featuredmedia":[{"embeddable":true,"href":"https:\/\/frutygreen.com\/en\/wp-json\/wp\/v2\/media\/3220"}],"wp:attachment":[{"href":"https:\/\/frutygreen.com\/en\/wp-json\/wp\/v2\/media?parent=1906"}],"curies":[{"name":"wp","href":"https:\/\/api.w.org\/{rel}","templated":true}]}}