{"id":5806,"date":"2026-03-12T09:02:41","date_gmt":"2026-03-12T14:02:41","guid":{"rendered":"https:\/\/frutygreen.com\/?page_id=5806"},"modified":"2026-03-12T09:03:43","modified_gmt":"2026-03-12T14:03:43","slug":"blueberries","status":"publish","type":"page","link":"https:\/\/frutygreen.com\/en\/blueberries\/","title":{"rendered":"Blueberries"},"content":{"rendered":"<div data-elementor-type=\"wp-page\" data-elementor-id=\"5806\" class=\"elementor elementor-5806\" data-elementor-post-type=\"page\">\n\t\t\t\t\t\t<section class=\"elementor-section elementor-top-section elementor-element elementor-element-fb71e7a elementor-section-full_width elementor-section-height-min-height elementor-section-items-top elementor-section-stretched elementor-section-height-default\" data-id=\"fb71e7a\" data-element_type=\"section\" data-e-type=\"section\" data-settings=\"{&quot;stretch_section&quot;:&quot;section-stretched&quot;,&quot;background_background&quot;:&quot;classic&quot;}\">\n\t\t\t\t\t\t<div class=\"elementor-container elementor-column-gap-default\">\n\t\t\t\t\t<div class=\"elementor-column elementor-col-50 elementor-top-column elementor-element elementor-element-2c4b672\" data-id=\"2c4b672\" data-element_type=\"column\" data-e-type=\"column\" data-settings=\"{&quot;background_background&quot;:&quot;classic&quot;}\">\n\t\t\t<div class=\"elementor-widget-wrap elementor-element-populated\">\n\t\t\t\t\t\t<div class=\"elementor-element elementor-element-9dcd332 elementor-widget elementor-widget-heading\" data-id=\"9dcd332\" data-element_type=\"widget\" data-e-type=\"widget\" data-widget_type=\"heading.default\">\n\t\t\t\t<div class=\"elementor-widget-container\">\n\t\t\t\t\t<h1 class=\"elementor-heading-title elementor-size-default\">BLUEBERRY CULTIVATION<\/h1>\t\t\t\t<\/div>\n\t\t\t\t<\/div>\n\t\t\t\t<div class=\"elementor-element elementor-element-dfe4072 elementor-widget elementor-widget-text-editor\" data-id=\"dfe4072\" data-element_type=\"widget\" data-e-type=\"widget\" data-widget_type=\"text-editor.default\">\n\t\t\t\t<div class=\"elementor-widget-container\">\n\t\t\t\t\t\t\t\t\t<p><nav aria-label=\"breadcrumbs\" class=\"rank-math-breadcrumb\"><p><span class=\"last\">Home<\/span><\/p><\/nav><\/p>\t\t\t\t\t\t\t\t<\/div>\n\t\t\t\t<\/div>\n\t\t\t\t\t<\/div>\n\t\t<\/div>\n\t\t\t\t<div class=\"elementor-column elementor-col-50 elementor-top-column elementor-element elementor-element-59ce014\" data-id=\"59ce014\" data-element_type=\"column\" data-e-type=\"column\">\n\t\t\t<div class=\"elementor-widget-wrap elementor-element-populated\">\n\t\t\t\t\t\t<div class=\"elementor-element elementor-element-a0f2334 elementor-widget elementor-widget-html\" data-id=\"a0f2334\" data-element_type=\"widget\" data-e-type=\"widget\" data-widget_type=\"html.default\">\n\t\t\t\t<div class=\"elementor-widget-container\">\n\t\t\t\t\t<!-- Etiquetas Hreflang para pa\u00edses latinoamericanos -->\n<link rel=\"alternate\" href=\"https:\/\/frutygreen.com\/cultivo-de-aguacate-hass\/\" hreflang=\"es-AR\" \/>\n<link rel=\"alternate\" href=\"https:\/\/frutygreen.com\/cultivo-de-aguacate-hass\/\" hreflang=\"es-BO\" \/>\n<link rel=\"alternate\" href=\"https:\/\/frutygreen.com\/cultivo-de-aguacate-hass\/\" hreflang=\"es-CL\" \/>\n<link rel=\"alternate\" href=\"https:\/\/frutygreen.com\/cultivo-de-aguacate-hass\/\" hreflang=\"es-CO\" \/>\n<link rel=\"alternate\" href=\"https:\/\/frutygreen.com\/cultivo-de-aguacate-hass\/\" hreflang=\"es-CR\" \/>\n<link rel=\"alternate\" href=\"https:\/\/frutygreen.com\/cultivo-de-aguacate-hass\/\" hreflang=\"es-CU\" \/>\n<link rel=\"alternate\" href=\"https:\/\/frutygreen.com\/cultivo-de-aguacate-hass\/\" hreflang=\"es-DO\" \/>\n<link rel=\"alternate\" href=\"https:\/\/frutygreen.com\/cultivo-de-aguacate-hass\/\" hreflang=\"es-EC\" \/>\n<link rel=\"alternate\" href=\"https:\/\/frutygreen.com\/cultivo-de-aguacate-hass\/\" hreflang=\"es-GT\" \/>\n<link rel=\"alternate\" href=\"https:\/\/frutygreen.com\/cultivo-de-aguacate-hass\/\" hreflang=\"es-HN\" \/>\n<link rel=\"alternate\" href=\"https:\/\/frutygreen.com\/cultivo-de-aguacate-hass\/\" hreflang=\"es-MX\" \/>\n<link rel=\"alternate\" href=\"https:\/\/frutygreen.com\/cultivo-de-aguacate-hass\/\" hreflang=\"es-NI\" \/>\n<link rel=\"alternate\" href=\"https:\/\/frutygreen.com\/cultivo-de-aguacate-hass\/\" hreflang=\"es-PA\" \/>\n<link rel=\"alternate\" href=\"https:\/\/frutygreen.com\/cultivo-de-aguacate-hass\/\" hreflang=\"es-PE\" \/>\n<link rel=\"alternate\" href=\"https:\/\/frutygreen.com\/cultivo-de-aguacate-hass\/\" hreflang=\"es-PR\" \/>\n<link rel=\"alternate\" href=\"https:\/\/frutygreen.com\/cultivo-de-aguacate-hass\/\" hreflang=\"es-PY\" \/>\n<link rel=\"alternate\" href=\"https:\/\/frutygreen.com\/cultivo-de-aguacate-hass\/\" hreflang=\"es-SV\" \/>\n<link rel=\"alternate\" href=\"https:\/\/frutygreen.com\/cultivo-de-aguacate-hass\/\" hreflang=\"es-UY\" \/>\n<link rel=\"alternate\" href=\"https:\/\/frutygreen.com\/cultivo-de-aguacate-hass\/\" hreflang=\"es-VE\" \/>\n\t\t\t\t<\/div>\n\t\t\t\t<\/div>\n\t\t\t\t\t<\/div>\n\t\t<\/div>\n\t\t\t\t\t<\/div>\n\t\t<\/section>\n\t\t\t\t<section class=\"elementor-section elementor-top-section elementor-element elementor-element-495f9d5 elementor-section-boxed elementor-section-height-default elementor-section-height-default\" data-id=\"495f9d5\" data-element_type=\"section\" data-e-type=\"section\" data-settings=\"{&quot;background_background&quot;:&quot;classic&quot;}\">\n\t\t\t\t\t\t<div class=\"elementor-container elementor-column-gap-default\">\n\t\t\t\t\t<div class=\"elementor-column elementor-col-50 elementor-top-column elementor-element elementor-element-a060c47\" data-id=\"a060c47\" data-element_type=\"column\" data-e-type=\"column\">\n\t\t\t<div class=\"elementor-widget-wrap elementor-element-populated\">\n\t\t\t\t\t\t<div class=\"elementor-element elementor-element-f6fa233 e-transform elementor-hidden-tablet elementor-hidden-mobile elementor-widget-divider--view-line elementor-widget elementor-widget-divider\" data-id=\"f6fa233\" data-element_type=\"widget\" data-e-type=\"widget\" data-settings=\"{&quot;_transform_rotateZ_effect&quot;:{&quot;unit&quot;:&quot;px&quot;,&quot;size&quot;:90,&quot;sizes&quot;:[]},&quot;_transform_rotateZ_effect_tablet&quot;:{&quot;unit&quot;:&quot;deg&quot;,&quot;size&quot;:&quot;&quot;,&quot;sizes&quot;:[]},&quot;_transform_rotateZ_effect_mobile&quot;:{&quot;unit&quot;:&quot;deg&quot;,&quot;size&quot;:&quot;&quot;,&quot;sizes&quot;:[]}}\" data-widget_type=\"divider.default\">\n\t\t\t\t<div class=\"elementor-widget-container\">\n\t\t\t\t\t\t\t<div class=\"elementor-divider\">\n\t\t\t<span class=\"elementor-divider-separator\">\n\t\t\t\t\t\t<\/span>\n\t\t<\/div>\n\t\t\t\t\t\t<\/div>\n\t\t\t\t<\/div>\n\t\t\t\t\t<\/div>\n\t\t<\/div>\n\t\t\t\t<div class=\"elementor-column elementor-col-50 elementor-top-column elementor-element elementor-element-e6c0d91\" data-id=\"e6c0d91\" data-element_type=\"column\" data-e-type=\"column\">\n\t\t\t<div class=\"elementor-widget-wrap elementor-element-populated\">\n\t\t\t\t\t\t<div class=\"elementor-element elementor-element-b74f018 elementor-widget elementor-widget-text-editor\" data-id=\"b74f018\" data-element_type=\"widget\" data-e-type=\"widget\" data-widget_type=\"text-editor.default\">\n\t\t\t\t<div class=\"elementor-widget-container\">\n\t\t\t\t\t\t\t\t\t<p data-ccp-props=\"{&quot;335551550&quot;:1,&quot;335551620&quot;:1,&quot;335559683&quot;:0,&quot;335559685&quot;:360,&quot;335559731&quot;:-288,&quot;335559737&quot;:0,&quot;335562764&quot;:2,&quot;335562765&quot;:0.9,&quot;335562766&quot;:4,&quot;335562767&quot;:14,&quot;335562768&quot;:4,&quot;335562769&quot;:0}\"><span style=\"color: #000000;\">We began planning this project in <b>July 2021<\/b>. In <b>August of the same year<\/b> We began preparing and stabilizing the land for the construction of the greenhouses.<\/span><\/p><p data-ccp-props=\"{&quot;335551550&quot;:1,&quot;335551620&quot;:1,&quot;335559683&quot;:0,&quot;335559685&quot;:360,&quot;335559731&quot;:-288,&quot;335559737&quot;:0,&quot;335562764&quot;:2,&quot;335562765&quot;:0.9,&quot;335562766&quot;:4,&quot;335562767&quot;:14,&quot;335562768&quot;:4,&quot;335562769&quot;:0}\"><span style=\"color: #000000;\">The <b>sowing our first plants <\/b><b>performed in May 2022<\/b>, and <b>our beginning of <\/b><b>Production took place between March and April 2023<\/b>.<\/span><\/p><p data-ccp-props=\"{&quot;335551550&quot;:1,&quot;335551620&quot;:1,&quot;335559683&quot;:0,&quot;335559685&quot;:360,&quot;335559731&quot;:-288,&quot;335559737&quot;:0,&quot;335562764&quot;:2,&quot;335562765&quot;:0.9,&quot;335562766&quot;:4,&quot;335562767&quot;:14,&quot;335562768&quot;:4,&quot;335562769&quot;:0}\"><span style=\"color: #000000;\">We currently have <b>33,500 plants of <\/b><b>blueberries distributed over 5 hectares<\/b>, in different stages of development and production.<\/span><\/p><p data-ccp-props=\"{&quot;335551550&quot;:1,&quot;335551620&quot;:1,&quot;335559683&quot;:0,&quot;335559685&quot;:360,&quot;335559731&quot;:-288,&quot;335559737&quot;:0,&quot;335562764&quot;:2,&quot;335562765&quot;:0.9,&quot;335562766&quot;:4,&quot;335562767&quot;:14,&quot;335562768&quot;:4,&quot;335562769&quot;:0}\"><span style=\"color: #000000;\">We work with a combination of <b>varieties <\/b><b>patented and open varieties<\/b>. Patented varieties are characterized by their genetic attributes, which are notable for their <b>flavor, <\/b><b>firmness and size of fruit<\/b>, while open varieties complement our production program.<\/span>\u200b<\/p>\t\t\t\t\t\t\t\t<\/div>\n\t\t\t\t<\/div>\n\t\t\t\t<div class=\"elementor-element elementor-element-26b69db elementor-widget elementor-widget-text-editor\" data-id=\"26b69db\" data-element_type=\"widget\" data-e-type=\"widget\" data-widget_type=\"text-editor.default\">\n\t\t\t\t<div class=\"elementor-widget-container\">\n\t\t\t\t\t\t\t\t\t<p><span style=\"color: #f48833;\">MADE WITH LOVE!<\/span><\/p>\t\t\t\t\t\t\t\t<\/div>\n\t\t\t\t<\/div>\n\t\t\t\t<div class=\"elementor-element elementor-element-dcbe9f9 elementor-widget elementor-widget-image\" data-id=\"dcbe9f9\" data-element_type=\"widget\" data-e-type=\"widget\" data-widget_type=\"image.default\">\n\t\t\t\t<div class=\"elementor-widget-container\">\n\t\t\t\t\t\t\t\t\t\t\t\t\t\t\t<img fetchpriority=\"high\" decoding=\"async\" width=\"714\" height=\"156\" src=\"https:\/\/frutygreen.com\/wp-content\/uploads\/2026\/03\/LOGO-FB.webp\" class=\"attachment-large size-large wp-image-5809\" alt=\"\" srcset=\"https:\/\/frutygreen.com\/wp-content\/uploads\/2026\/03\/LOGO-FB.webp 714w, https:\/\/frutygreen.com\/wp-content\/uploads\/2026\/03\/LOGO-FB-300x66.webp 300w, https:\/\/frutygreen.com\/wp-content\/uploads\/2026\/03\/LOGO-FB-18x4.webp 18w\" sizes=\"(max-width: 714px) 100vw, 714px\" title=\"\">\t\t\t\t\t\t\t\t\t\t\t\t\t\t\t<\/div>\n\t\t\t\t<\/div>\n\t\t\t\t\t<\/div>\n\t\t<\/div>\n\t\t\t\t\t<\/div>\n\t\t<\/section>\n\t\t\t\t<section class=\"elementor-section elementor-top-section elementor-element elementor-element-9864207 elementor-section-full_width elementor-reverse-tablet elementor-reverse-mobile elementor-section-height-default elementor-section-height-default\" data-id=\"9864207\" data-element_type=\"section\" data-e-type=\"section\" data-settings=\"{&quot;background_background&quot;:&quot;classic&quot;}\">\n\t\t\t\t\t\t<div class=\"elementor-container elementor-column-gap-default\">\n\t\t\t\t\t<div class=\"elementor-column elementor-col-50 elementor-top-column elementor-element elementor-element-d067284\" data-id=\"d067284\" data-element_type=\"column\" data-e-type=\"column\">\n\t\t\t<div class=\"elementor-widget-wrap elementor-element-populated\">\n\t\t\t\t\t\t<div class=\"elementor-element elementor-element-e2412d6 elementor--h-position-center elementor--v-position-middle elementor-arrows-position-inside elementor-widget elementor-widget-slides\" data-id=\"e2412d6\" data-element_type=\"widget\" data-e-type=\"widget\" data-settings=\"{&quot;navigation&quot;:&quot;arrows&quot;,&quot;autoplay&quot;:&quot;yes&quot;,&quot;pause_on_hover&quot;:&quot;yes&quot;,&quot;pause_on_interaction&quot;:&quot;yes&quot;,&quot;autoplay_speed&quot;:5000,&quot;infinite&quot;:&quot;yes&quot;,&quot;transition&quot;:&quot;slide&quot;,&quot;transition_speed&quot;:500}\" data-widget_type=\"slides.default\">\n\t\t\t\t<div class=\"elementor-widget-container\">\n\t\t\t\t\t\t\t\t\t<div class=\"elementor-swiper\">\n\t\t\t\t\t<div class=\"elementor-slides-wrapper elementor-main-swiper swiper\" role=\"region\" aria-roledescription=\"carousel\" aria-label=\"Slides\" dir=\"ltr\" data-animation=\"fadeInRight\">\n\t\t\t\t<div class=\"swiper-wrapper elementor-slides\">\n\t\t\t\t\t\t\t\t\t\t<div class=\"elementor-repeater-item-51d6ed4 swiper-slide\" role=\"group\" aria-roledescription=\"slide\"><div class=\"swiper-slide-bg\" role=\"img\" aria-label=\"blueberries (1)\"><\/div><div class=\"swiper-slide-inner\" ><div class=\"swiper-slide-contents\"><\/div><\/div><\/div><div class=\"elementor-repeater-item-b5dba0c swiper-slide\" role=\"group\" aria-roledescription=\"slide\"><div class=\"swiper-slide-bg\" role=\"img\" aria-label=\"blueberries+(2)+(1)\"><\/div><div class=\"swiper-slide-inner\" ><div class=\"swiper-slide-contents\"><\/div><\/div><\/div><div class=\"elementor-repeater-item-354e541 swiper-slide\" role=\"group\" aria-roledescription=\"slide\"><div class=\"swiper-slide-bg\" role=\"img\" aria-label=\"blueberries+3+(1)\"><\/div><div class=\"swiper-slide-inner\" ><div class=\"swiper-slide-contents\"><\/div><\/div><\/div>\t\t\t\t<\/div>\n\t\t\t\t\t\t\t\t\t\t\t\t\t\t\t<div class=\"elementor-swiper-button elementor-swiper-button-prev\" role=\"button\" tabindex=\"0\" aria-label=\"Previous slide\">\n\t\t\t\t\t\t\t<i aria-hidden=\"true\" class=\"eicon-chevron-left\"><\/i>\t\t\t\t\t\t<\/div>\n\t\t\t\t\t\t<div class=\"elementor-swiper-button elementor-swiper-button-next\" role=\"button\" tabindex=\"0\" aria-label=\"Next slide\">\n\t\t\t\t\t\t\t<i aria-hidden=\"true\" class=\"eicon-chevron-right\"><\/i>\t\t\t\t\t\t<\/div>\n\t\t\t\t\t\t\t\t\t\t\t\t\t\t\t\t\t<\/div>\n\t\t\t\t<\/div>\n\t\t\t\t\t\t\t\t<\/div>\n\t\t\t\t<\/div>\n\t\t\t\t\t<\/div>\n\t\t<\/div>\n\t\t\t\t<div class=\"elementor-column elementor-col-50 elementor-top-column elementor-element elementor-element-1690ade\" data-id=\"1690ade\" data-element_type=\"column\" data-e-type=\"column\" data-settings=\"{&quot;background_background&quot;:&quot;classic&quot;}\">\n\t\t\t<div class=\"elementor-widget-wrap elementor-element-populated\">\n\t\t\t\t\t\t<div class=\"elementor-element elementor-element-2c94f8a elementor-widget elementor-widget-heading\" data-id=\"2c94f8a\" data-element_type=\"widget\" data-e-type=\"widget\" data-widget_type=\"heading.default\">\n\t\t\t\t<div class=\"elementor-widget-container\">\n\t\t\t\t\t<h2 class=\"elementor-heading-title elementor-size-default\">Blueberries<\/h2>\t\t\t\t<\/div>\n\t\t\t\t<\/div>\n\t\t\t\t<div class=\"elementor-element elementor-element-967e2f0 elementor-widget elementor-widget-heading\" data-id=\"967e2f0\" data-element_type=\"widget\" data-e-type=\"widget\" data-widget_type=\"heading.default\">\n\t\t\t\t<div class=\"elementor-widget-container\">\n\t\t\t\t\t<p class=\"elementor-heading-title elementor-size-default\">5<\/p>\t\t\t\t<\/div>\n\t\t\t\t<\/div>\n\t\t\t\t<div class=\"elementor-element elementor-element-f87e8f1 elementor-widget elementor-widget-heading\" data-id=\"f87e8f1\" data-element_type=\"widget\" data-e-type=\"widget\" data-widget_type=\"heading.default\">\n\t\t\t\t<div class=\"elementor-widget-container\">\n\t\t\t\t\t<p class=\"elementor-heading-title elementor-size-default\">TOTAL HECTARES<\/p>\t\t\t\t<\/div>\n\t\t\t\t<\/div>\n\t\t\t\t\t<\/div>\n\t\t<\/div>\n\t\t\t\t\t<\/div>\n\t\t<\/section>\n\t\t\t\t<\/div>","protected":false},"excerpt":{"rendered":"<p>CULTIVO DE AR\u00c1NDANOS Comenzamos la planificaci\u00f3n de este proyecto en julio de 2021. En agosto del mismo a\u00f1o iniciamos la adecuaci\u00f3n y estabilizaci\u00f3n del terreno para la construcci\u00f3n de los invernaderos.\u200b La siembra de nuestras primeras plantas se realiz\u00f3 en mayo de 2022, y nuestro inicio de producci\u00f3n se dio entre marzo y abril de [&hellip;]<\/p>\n","protected":false},"author":12,"featured_media":0,"parent":0,"menu_order":0,"comment_status":"closed","ping_status":"closed","template":"","meta":{"footnotes":""},"class_list":["post-5806","page","type-page","status-publish","hentry"],"_links":{"self":[{"href":"https:\/\/frutygreen.com\/en\/wp-json\/wp\/v2\/pages\/5806","targetHints":{"allow":["GET"]}}],"collection":[{"href":"https:\/\/frutygreen.com\/en\/wp-json\/wp\/v2\/pages"}],"about":[{"href":"https:\/\/frutygreen.com\/en\/wp-json\/wp\/v2\/types\/page"}],"author":[{"embeddable":true,"href":"https:\/\/frutygreen.com\/en\/wp-json\/wp\/v2\/users\/12"}],"replies":[{"embeddable":true,"href":"https:\/\/frutygreen.com\/en\/wp-json\/wp\/v2\/comments?post=5806"}],"version-history":[{"count":7,"href":"https:\/\/frutygreen.com\/en\/wp-json\/wp\/v2\/pages\/5806\/revisions"}],"predecessor-version":[{"id":5815,"href":"https:\/\/frutygreen.com\/en\/wp-json\/wp\/v2\/pages\/5806\/revisions\/5815"}],"wp:attachment":[{"href":"https:\/\/frutygreen.com\/en\/wp-json\/wp\/v2\/media?parent=5806"}],"curies":[{"name":"wp","href":"https:\/\/api.w.org\/{rel}","templated":true}]}}