{"id":5933,"date":"2026-05-01T15:34:50","date_gmt":"2026-05-01T20:34:50","guid":{"rendered":"https:\/\/frutygreen.com\/?page_id=5933"},"modified":"2026-05-01T15:34:51","modified_gmt":"2026-05-01T20:34:51","slug":"site-map","status":"publish","type":"page","link":"https:\/\/frutygreen.com\/en\/site-map\/","title":{"rendered":"HTML Sitemap"},"content":{"rendered":"<div data-elementor-type=\"wp-page\" data-elementor-id=\"5933\" class=\"elementor elementor-5933\" data-elementor-post-type=\"page\">\n\t\t\t\t\t\t<section class=\"elementor-section elementor-top-section elementor-element elementor-element-bcc415f elementor-section-full_width elementor-section-height-min-height elementor-section-content-top elementor-section-stretched elementor-section-height-default elementor-section-items-middle\" data-id=\"bcc415f\" data-element_type=\"section\" data-e-type=\"section\" data-settings=\"{&quot;stretch_section&quot;:&quot;section-stretched&quot;,&quot;background_background&quot;:&quot;classic&quot;}\">\n\t\t\t\t\t\t<div class=\"elementor-container elementor-column-gap-default\">\n\t\t\t\t\t<div class=\"elementor-column elementor-col-50 elementor-top-column elementor-element elementor-element-1569218\" data-id=\"1569218\" data-element_type=\"column\" data-e-type=\"column\" data-settings=\"{&quot;background_background&quot;:&quot;classic&quot;}\">\n\t\t\t<div class=\"elementor-widget-wrap elementor-element-populated\">\n\t\t\t\t\t\t<div class=\"elementor-element elementor-element-15d700d elementor-widget elementor-widget-heading\" data-id=\"15d700d\" data-element_type=\"widget\" data-e-type=\"widget\" data-widget_type=\"heading.default\">\n\t\t\t\t<div class=\"elementor-widget-container\">\n\t\t\t\t\t<h1 class=\"elementor-heading-title elementor-size-default\">Sitemap<\/h1>\t\t\t\t<\/div>\n\t\t\t\t<\/div>\n\t\t\t\t<div class=\"elementor-element elementor-element-078ee80 elementor-widget elementor-widget-text-editor\" data-id=\"078ee80\" data-element_type=\"widget\" data-e-type=\"widget\" data-widget_type=\"text-editor.default\">\n\t\t\t\t<div class=\"elementor-widget-container\">\n\t\t\t\t\t\t\t\t\t<p><nav aria-label=\"breadcrumbs\" class=\"rank-math-breadcrumb\"><p><span class=\"last\">Home<\/span><\/p><\/nav><\/p>\t\t\t\t\t\t\t\t<\/div>\n\t\t\t\t<\/div>\n\t\t\t\t\t<\/div>\n\t\t<\/div>\n\t\t\t\t<div class=\"elementor-column elementor-col-50 elementor-top-column elementor-element elementor-element-19e801b\" data-id=\"19e801b\" data-element_type=\"column\" data-e-type=\"column\">\n\t\t\t<div class=\"elementor-widget-wrap\">\n\t\t\t\t\t\t\t<\/div>\n\t\t<\/div>\n\t\t\t\t\t<\/div>\n\t\t<\/section>\n\t\t<div class=\"elementor-element elementor-element-f811b3b e-flex e-con-boxed e-con e-parent\" data-id=\"f811b3b\" data-element_type=\"container\" data-e-type=\"container\">\n\t\t\t\t\t<div class=\"e-con-inner\">\n\t\t\t\t<div class=\"elementor-element elementor-element-5efdfc0 elementor-widget elementor-widget-html\" data-id=\"5efdfc0\" data-element_type=\"widget\" data-e-type=\"widget\" data-widget_type=\"html.default\">\n\t\t\t\t<div class=\"elementor-widget-container\">\n\t\t\t\t\t<style>\r\n  #fg-sitemap-html {\r\n    width: 100%;\r\n    max-width: 1180px;\r\n    margin: 0 auto;\r\n    padding: 18px 18px 36px;\r\n    font-family: inherit;\r\n    color: #243225;\r\n    background: transparent;\r\n  }\r\n\r\n  #fg-sitemap-html * {\r\n    box-sizing: border-box;\r\n  }\r\n\r\n  #fg-sitemap-html .fg-sitemap-index {\r\n    display: flex;\r\n    flex-wrap: wrap;\r\n    justify-content: center;\r\n    gap: 8px;\r\n    margin: 0 0 24px;\r\n  }\r\n\r\n  #fg-sitemap-html .fg-sitemap-index a {\r\n    display: inline-flex;\r\n    align-items: center;\r\n    min-height: 36px;\r\n    padding: 8px 14px;\r\n    border: 1px solid rgba(23, 128, 66, 0.22);\r\n    border-radius: 999px;\r\n    background: #ffffff;\r\n    color: #178042;\r\n    font-size: 12.5px;\r\n    font-weight: 800;\r\n    line-height: 1.2;\r\n    text-decoration: none;\r\n    transition: background 0.2s ease, border-color 0.2s ease, color 0.2s ease, transform 0.2s ease;\r\n  }\r\n\r\n  #fg-sitemap-html .fg-sitemap-index a:hover,\r\n  #fg-sitemap-html .fg-sitemap-index a:focus {\r\n    border-color: #178042;\r\n    background: rgba(23, 128, 66, 0.08);\r\n    color: #178042;\r\n    text-decoration: none;\r\n    transform: translateY(-1px);\r\n  }\r\n\r\n  #fg-sitemap-html .fg-sitemap-masonry {\r\n    column-count: 3;\r\n    column-gap: 16px;\r\n  }\r\n\r\n  #fg-sitemap-html .fg-sitemap-card {\r\n    display: inline-block;\r\n    width: 100%;\r\n    margin: 0 0 16px;\r\n    padding: 18px 18px;\r\n    border: 1px solid rgba(23, 128, 66, 0.18);\r\n    border-radius: 18px;\r\n    background: #ffffff;\r\n    box-shadow: 0 7px 22px rgba(23, 128, 66, 0.06);\r\n    break-inside: avoid;\r\n    -webkit-column-break-inside: avoid;\r\n    page-break-inside: avoid;\r\n    scroll-margin-top: 95px;\r\n  }\r\n\r\n  #fg-sitemap-html .fg-sitemap-card-featured {\r\n    border-color: rgba(23, 128, 66, 0.28);\r\n    background: linear-gradient(180deg, #ffffff 0%, rgba(23, 128, 66, 0.035) 100%);\r\n  }\r\n\r\n  #fg-sitemap-html .fg-sitemap-card-export {\r\n    border-color: rgba(244, 136, 51, 0.34);\r\n    background: linear-gradient(180deg, #ffffff 0%, rgba(244, 136, 51, 0.055) 100%);\r\n  }\r\n\r\n  #fg-sitemap-html .fg-sitemap-section-title {\r\n    display: flex;\r\n    align-items: center;\r\n    gap: 10px;\r\n    margin: 0 0 12px;\r\n    padding-bottom: 11px;\r\n    border-bottom: 1px solid rgba(23, 128, 66, 0.13);\r\n    color: #178042;\r\n    font-size: 18px;\r\n    line-height: 1.25;\r\n    font-weight: 900;\r\n    letter-spacing: -0.01em;\r\n  }\r\n\r\n  #fg-sitemap-html .fg-sitemap-section-title span {\r\n    display: inline-flex;\r\n    align-items: center;\r\n    justify-content: center;\r\n    min-width: 30px;\r\n    height: 30px;\r\n    border-radius: 10px;\r\n    background: rgba(23, 128, 66, 0.12);\r\n    color: #178042;\r\n    font-size: 12px;\r\n    font-weight: 900;\r\n  }\r\n\r\n  #fg-sitemap-html .fg-sitemap-card-export .fg-sitemap-section-title {\r\n    color: #178042;\r\n    border-bottom-color: rgba(244, 136, 51, 0.18);\r\n  }\r\n\r\n  #fg-sitemap-html .fg-sitemap-card-export .fg-sitemap-section-title span {\r\n    background: rgba(244, 136, 51, 0.14);\r\n    color: #F48833;\r\n  }\r\n\r\n  #fg-sitemap-html .fg-sitemap-subtitle {\r\n    margin: 15px 0 7px;\r\n    color: #178042;\r\n    font-size: 14px;\r\n    line-height: 1.35;\r\n    font-weight: 900;\r\n  }\r\n\r\n  #fg-sitemap-html .fg-sitemap-list {\r\n    margin: 0;\r\n    padding: 0;\r\n    list-style: none;\r\n  }\r\n\r\n  #fg-sitemap-html .fg-sitemap-list li {\r\n    position: relative;\r\n    margin: 0;\r\n    padding: 5px 0 5px 15px;\r\n    line-height: 1.38;\r\n  }\r\n\r\n  #fg-sitemap-html .fg-sitemap-list li::before {\r\n    content: \"\";\r\n    position: absolute;\r\n    top: 14px;\r\n    left: 0;\r\n    width: 6px;\r\n    height: 6px;\r\n    border-radius: 999px;\r\n    background: #178042;\r\n    opacity: 0.9;\r\n  }\r\n\r\n  #fg-sitemap-html .fg-sitemap-card-export .fg-sitemap-list li::before {\r\n    background: #F48833;\r\n  }\r\n\r\n  #fg-sitemap-html .fg-sitemap-list a {\r\n    color: #2f3d31;\r\n    font-size: 13.7px;\r\n    font-weight: 700;\r\n    line-height: 1.45;\r\n    text-decoration: none;\r\n    transition: color 0.2s ease, padding-left 0.2s ease;\r\n  }\r\n\r\n  #fg-sitemap-html .fg-sitemap-list a:hover,\r\n  #fg-sitemap-html .fg-sitemap-list a:focus {\r\n    color: #178042;\r\n    padding-left: 2px;\r\n    text-decoration: underline;\r\n    text-underline-offset: 3px;\r\n  }\r\n\r\n  #fg-sitemap-html .fg-sitemap-card-export .fg-sitemap-list a:hover,\r\n  #fg-sitemap-html .fg-sitemap-card-export .fg-sitemap-list a:focus {\r\n    color: #F48833;\r\n  }\r\n\r\n  #fg-sitemap-html .fg-sitemap-note {\r\n    margin-top: 18px;\r\n    padding: 15px 17px;\r\n    border-left: 4px solid #178042;\r\n    border-radius: 14px;\r\n    background: rgba(23, 128, 66, 0.07);\r\n    color: #3f4c40;\r\n    font-size: 13.7px;\r\n    line-height: 1.6;\r\n  }\r\n\r\n  #fg-sitemap-html .fg-sitemap-note strong {\r\n    color: #178042;\r\n    font-weight: 900;\r\n  }\r\n\r\n  @media (max-width: 1024px) {\r\n    #fg-sitemap-html .fg-sitemap-masonry {\r\n      column-count: 2;\r\n    }\r\n  }\r\n\r\n  @media (max-width: 767px) {\r\n    #fg-sitemap-html {\r\n      padding: 14px 14px 30px;\r\n    }\r\n\r\n    #fg-sitemap-html .fg-sitemap-index {\r\n      justify-content: flex-start;\r\n      gap: 7px;\r\n      margin-bottom: 16px;\r\n    }\r\n\r\n    #fg-sitemap-html .fg-sitemap-index a {\r\n      min-height: 34px;\r\n      padding: 7px 11px;\r\n      font-size: 12px;\r\n    }\r\n\r\n    #fg-sitemap-html .fg-sitemap-masonry {\r\n      column-count: 1;\r\n      column-gap: 0;\r\n    }\r\n\r\n    #fg-sitemap-html .fg-sitemap-card {\r\n      padding: 16px 15px;\r\n      border-radius: 15px;\r\n      margin-bottom: 14px;\r\n    }\r\n\r\n    #fg-sitemap-html .fg-sitemap-section-title {\r\n      font-size: 17px;\r\n    }\r\n  }\r\n<\/style>\r\n\r\n<section id=\"fg-sitemap-html\" aria-label=\"Fruity Green site map\">\r\n\r\n  <nav class=\"fg-sitemap-index\" aria-label=\"Site map index\">\r\n    <a href=\"#fg-empresa\">Company<\/a>\r\n    <a href=\"#fg-productos-operacion\">Products and operations<\/a>\r\n    <a href=\"#fg-exportacion\">Export<\/a>\r\n    <a href=\"#fg-calidad\">Quality and cold chain<\/a>\r\n    <a href=\"#fg-cultivo\">Avocado cultivation<\/a>\r\n    <a href=\"#fg-certificaciones\">Certifications<\/a>\r\n    <a href=\"#fg-blog-categorias\">Blog categories<\/a>\r\n    <a href=\"#fg-recetas-consumo\">Recipes and consumption<\/a>\r\n  <\/nav>\r\n\r\n  <div class=\"fg-sitemap-masonry\">\r\n\r\n    <article id=\"fg-empresa\" class=\"fg-sitemap-card fg-sitemap-card-featured\">\r\n      <h2 class=\"fg-sitemap-section-title\"><span>01<\/span> Company<\/h2>\r\n      <ul class=\"fg-sitemap-list\">\r\n        <li><a href=\"https:\/\/frutygreen.com\/en\">Home<\/a><\/li>\r\n        <li><a href=\"https:\/\/frutygreen.com\/en\/about-frutygreen\/\">About Fruty Green<\/a><\/li>\r\n        <li><a href=\"https:\/\/frutygreen.com\/en\/certifications-frutygreen\/\">Fruty Green Certifications<\/a><\/li>\r\n        <li><a href=\"https:\/\/frutygreen.com\/en\/social-and-environmental-responsibility-frutygreen\/\">Social and environmental responsibility<\/a><\/li>\r\n        <li><a href=\"https:\/\/frutygreen.com\/en\/line-ethics-frutygreen\/\">Fruty Green ethical line<\/a><\/li>\r\n        <li><a href=\"https:\/\/frutygreen.com\/en\/contact-us-2\/\">Contact us<\/a><\/li>\r\n      <\/ul>\r\n    <\/article>\r\n\r\n    <article id=\"fg-productos-operacion\" class=\"fg-sitemap-card fg-sitemap-card-featured\">\r\n      <h2 class=\"fg-sitemap-section-title\"><span>02<\/span> Products and operations<\/h2>\r\n      <ul class=\"fg-sitemap-list\">\r\n        <li><a href=\"https:\/\/frutygreen.com\/en\/hass-avocado\/\">Colombian Hass avocado<\/a><\/li>\r\n        <li><a href=\"https:\/\/frutygreen.com\/en\/hass-avocado-packing\/\">Hass avocado packing plant<\/a><\/li>\r\n        <li><a href=\"https:\/\/frutygreen.com\/en\/cultivation-of-avocado-hass-2\/\">Hass avocado cultivation and farms<\/a><\/li>\r\n        <li><a href=\"https:\/\/frutygreen.com\/en\/blueberries\/\">Blueberries<\/a><\/li>\r\n      <\/ul>\r\n    <\/article>\r\n\r\n    <article id=\"fg-exportacion\" class=\"fg-sitemap-card fg-sitemap-card-export\">\r\n      <h2 class=\"fg-sitemap-section-title\"><span>03<\/span> Export of Hass avocados<\/h2>\r\n      <ul class=\"fg-sitemap-list\">\r\n        <li><a href=\"https:\/\/frutygreen.com\/en\/category\/avocado-export-2\/\">Category: Avocado Export<\/a><\/li>\r\n        <li><a href=\"https:\/\/frutygreen.com\/en\/export-hass-avocados-from-colombia-checklist\/\">Documentary checklist for exporting Hass avocados from Colombia<\/a><\/li>\r\n        <li><a href=\"https:\/\/frutygreen.com\/en\/fob-vs-cif-vs-dap-comparison-in-hass-avocados\/\">Incoterms in the export of Hass avocados: FOB vs CIF vs DAP<\/a><\/li>\r\n        <li><a href=\"https:\/\/frutygreen.com\/en\/hass-avocado-process\/\">Process for exporting avocados to the United States<\/a><\/li>\r\n        <li><a href=\"https:\/\/frutygreen.com\/en\/characteristics-of-the-hass-avocado-for-export\/\">Characteristics of Hass avocados for export<\/a><\/li>\r\n        <li><a href=\"https:\/\/frutygreen.com\/en\/certifications-to-export-avocado-2\/\">Certifications for exporting avocados<\/a><\/li>\r\n        <li><a href=\"https:\/\/frutygreen.com\/en\/avocado-quality-control-process-for-export\/\">Quality control of avocados for export<\/a><\/li>\r\n      <\/ul>\r\n    <\/article>\r\n\r\n    <article id=\"fg-calidad\" class=\"fg-sitemap-card fg-sitemap-card-featured\">\r\n      <h2 class=\"fg-sitemap-section-title\"><span>04<\/span> Quality, post-harvest and cold chain<\/h2>\r\n      <ul class=\"fg-sitemap-list\">\r\n        <li><a href=\"https:\/\/frutygreen.com\/en\/category\/quality-control-and-cold-chain\/\">Category: Quality control and cold chain<\/a><\/li>\r\n        <li><a href=\"https:\/\/frutygreen.com\/en\/cold-damage-hass-avocado-symptoms-causes\/\">Cold damage in Hass avocado<\/a><\/li>\r\n        <li><a href=\"https:\/\/frutygreen.com\/en\/what-is-cold-chain-2-2\/\">What is the cold chain?<\/a><\/li>\r\n        <li><a href=\"https:\/\/frutygreen.com\/en\/what-does-it-mean-to-maintain-the-cold-chain-2\/\">What does it mean to maintain the cold chain?<\/a><\/li>\r\n      <\/ul>\r\n    <\/article>\r\n\r\n    <article id=\"fg-cultivo\" class=\"fg-sitemap-card\">\r\n      <h2 class=\"fg-sitemap-section-title\"><span>05<\/span> Avocado cultivation<\/h2>\r\n\r\n      <h3 class=\"fg-sitemap-subtitle\">Agricultural content hubs<\/h3>\r\n      <ul class=\"fg-sitemap-list\">\r\n        <li><a href=\"https:\/\/frutygreen.com\/en\/category\/hass-avocado\/\">Category: Hass Avocado<\/a><\/li>\r\n        <li><a href=\"https:\/\/frutygreen.com\/en\/category\/avocado-planting-2\/\">Category: Avocado planting<\/a><\/li>\r\n        <li><a href=\"https:\/\/frutygreen.com\/en\/category\/hass-avocado-care\/\">Category: Hass Avocado Care<\/a><\/li>\r\n      <\/ul>\r\n\r\n      <h3 class=\"fg-sitemap-subtitle\">Featured technical guides<\/h3>\r\n      <ul class=\"fg-sitemap-list\">\r\n        <li><a href=\"https:\/\/frutygreen.com\/en\/why-isnt-my-avocado-tree-bearing-fruit\/\">Why isn&#039;t your avocado tree bearing fruit?<\/a><\/li>\r\n        <li><a href=\"https:\/\/frutygreen.com\/en\/avocado-foliar-analysis\/\">Foliar analysis in avocado<\/a><\/li>\r\n        <li><a href=\"https:\/\/frutygreen.com\/en\/calcium-boron-and-zinc-deficiencies-in-avocado\/\">Calcium, boron, and zinc deficiencies in avocado<\/a><\/li>\r\n        <li><a href=\"https:\/\/frutygreen.com\/en\/fertigation-in-avocado\/\">Fertigation in avocado<\/a><\/li>\r\n        <li><a href=\"https:\/\/frutygreen.com\/en\/avocado-training-pruning\/\">Training pruning in avocado<\/a><\/li>\r\n        <li><a href=\"https:\/\/frutygreen.com\/en\/avocado-rootstocks\/\">Avocado rootstocks<\/a><\/li>\r\n        <li><a href=\"https:\/\/frutygreen.com\/en\/fruit-set-in-avocado\/\">Fruit set in avocado<\/a><\/li>\r\n        <li><a href=\"https:\/\/frutygreen.com\/en\/hass-avocado-flowering\/\">Hass avocado flowering<\/a><\/li>\r\n        <li><a href=\"https:\/\/frutygreen.com\/en\/avocado-pollination\/\">Avocado pollination<\/a><\/li>\r\n        <li><a href=\"https:\/\/frutygreen.com\/en\/stages-of-avocado-growth\/\">Avocado growth stages<\/a><\/li>\r\n        <li><a href=\"https:\/\/frutygreen.com\/en\/hass-avocado-diseases\/\">Hass avocado diseases<\/a><\/li>\r\n        <li><a href=\"https:\/\/frutygreen.com\/en\/irrigation-in-hass-avocado\/\">Irrigation in Hass avocado<\/a><\/li>\r\n      <\/ul>\r\n    <\/article>\r\n\r\n    <article id=\"fg-certificaciones\" class=\"fg-sitemap-card\">\r\n      <h2 class=\"fg-sitemap-section-title\"><span>06<\/span> Certifications and sustainability<\/h2>\r\n      <ul class=\"fg-sitemap-list\">\r\n        <li><a href=\"https:\/\/frutygreen.com\/en\/category\/certifications\/\">Category: Certifications<\/a><\/li>\r\n        <li><a href=\"https:\/\/frutygreen.com\/en\/globalg-ap-certification\/\">GLOBALG.AP Certification.<\/a><\/li>\r\n        <li><a href=\"https:\/\/frutygreen.com\/en\/smeta-certificate-in-agroindustry\/\">SMETA Certificate in Agroindustry<\/a><\/li>\r\n        <li><a href=\"https:\/\/frutygreen.com\/en\/bpa-certification-in-agribusiness\/\">Good Agricultural Practices (GAP) certification in the agro-industry<\/a><\/li>\r\n        <li><a href=\"https:\/\/frutygreen.com\/en\/sustainability-certifications-for-agribusiness\/\">Sustainability certifications for the agribusiness sector<\/a><\/li>\r\n        <li><a href=\"https:\/\/frutygreen.com\/en\/hass-avocado-certifications\/\">Hass avocado certifications<\/a><\/li>\r\n        <li><a href=\"https:\/\/frutygreen.com\/en\/certifications-to-export-avocado-2\/\">Certifications for exporting avocados<\/a><\/li>\r\n        <li><a href=\"https:\/\/frutygreen.com\/en\/global-safety-certificates\/\">Global Safety certified<\/a><\/li>\r\n      <\/ul>\r\n    <\/article>\r\n\r\n    <article id=\"fg-blog-categorias\" class=\"fg-sitemap-card fg-sitemap-card-featured\">\r\n      <h2 class=\"fg-sitemap-section-title\"><span>07<\/span> Blog categories<\/h2>\r\n      <ul class=\"fg-sitemap-list\">\r\n        <li><a href=\"https:\/\/frutygreen.com\/en\/blog\/\">Blog<\/a><\/li>\r\n        <li><a href=\"https:\/\/frutygreen.com\/en\/category\/hass-avocado\/\">Hass avocado<\/a><\/li>\r\n        <li><a href=\"https:\/\/frutygreen.com\/en\/category\/avocado-planting-2\/\">Avocado planting<\/a><\/li>\r\n        <li><a href=\"https:\/\/frutygreen.com\/en\/category\/avocado-export-2\/\">Avocado export<\/a><\/li>\r\n        <li><a href=\"https:\/\/frutygreen.com\/en\/category\/certifications\/\">Certifications<\/a><\/li>\r\n        <li><a href=\"https:\/\/frutygreen.com\/en\/category\/quality-control-and-cold-chain\/\">Quality control and cold chain<\/a><\/li>\r\n        <li><a href=\"https:\/\/frutygreen.com\/en\/category\/hass-avocado-care\/\">Hass Avocado Care<\/a><\/li>\r\n        <li><a href=\"https:\/\/frutygreen.com\/en\/category\/recipes\/\">Recipes<\/a><\/li>\r\n        <li><a href=\"https:\/\/frutygreen.com\/en\/category\/market-report\/\">Market report<\/a><\/li>\r\n      <\/ul>\r\n    <\/article>\r\n\r\n    <article id=\"fg-recetas-consumo\" class=\"fg-sitemap-card\">\r\n      <h2 class=\"fg-sitemap-section-title\"><span>08<\/span> Recipes, properties and consumption<\/h2>\r\n      <ul class=\"fg-sitemap-list\">\r\n        <li><a href=\"https:\/\/frutygreen.com\/en\/category\/recipes\/\">Category: Recipes<\/a><\/li>\r\n        <li><a href=\"https:\/\/frutygreen.com\/en\/healthy-desserts-with-avocado\/\">Healthy desserts with avocado<\/a><\/li>\r\n        <li><a href=\"https:\/\/frutygreen.com\/en\/types-of-avocado-discover-the-most-popular-varieties-and-their-characteristics\/\">Types of avocado<\/a><\/li>\r\n        <li><a href=\"https:\/\/frutygreen.com\/en\/hass-avocado-properties-benefits-and-nutrients-that-you-should-know\/\">Properties of the Hass avocado<\/a><\/li>\r\n        <li><a href=\"https:\/\/frutygreen.com\/en\/fertilization-in-hass-avocado-2\/\">Advanced fertilization techniques in Hass avocado<\/a><\/li>\r\n      <\/ul>\r\n    <\/article>\r\n\r\n  <\/div>\r\n\r\n  <div class=\"fg-sitemap-note\">\r\n    <strong>Note:<\/strong> This site map brings together Fruty Green&#039;s main pages, products, processes, certifications, blog categories, and featured guides on Hass avocados to facilitate navigation for users and search engines.\r\n  <\/div>\r\n\r\n<\/section>\t\t\t\t<\/div>\n\t\t\t\t<\/div>\n\t\t\t\t\t<\/div>\n\t\t\t\t<\/div>\n\t\t\t\t<\/div>","protected":false},"excerpt":{"rendered":"<p>Sitemap Empresa Productos y operaci\u00f3n Exportaci\u00f3n Calidad y cadena de fr\u00edo Cultivo de aguacate Certificaciones Categor\u00edas del blog Recetas y consumo 01 Empresa Inicio Acerca de Fruty Green Certificaciones Fruty Green Responsabilidad social y ambiental L\u00ednea \u00e9tica Fruty Green Cont\u00e1ctanos 02 Productos y operaci\u00f3n Aguacate Hass colombiano Empacadora de aguacate Hass Cultivo de aguacate Hass [&hellip;]<\/p>\n","protected":false},"author":4,"featured_media":0,"parent":0,"menu_order":0,"comment_status":"closed","ping_status":"closed","template":"elementor_header_footer","meta":{"footnotes":""},"class_list":["post-5933","page","type-page","status-publish","hentry"],"_links":{"self":[{"href":"https:\/\/frutygreen.com\/en\/wp-json\/wp\/v2\/pages\/5933","targetHints":{"allow":["GET"]}}],"collection":[{"href":"https:\/\/frutygreen.com\/en\/wp-json\/wp\/v2\/pages"}],"about":[{"href":"https:\/\/frutygreen.com\/en\/wp-json\/wp\/v2\/types\/page"}],"author":[{"embeddable":true,"href":"https:\/\/frutygreen.com\/en\/wp-json\/wp\/v2\/users\/4"}],"replies":[{"embeddable":true,"href":"https:\/\/frutygreen.com\/en\/wp-json\/wp\/v2\/comments?post=5933"}],"version-history":[{"count":5,"href":"https:\/\/frutygreen.com\/en\/wp-json\/wp\/v2\/pages\/5933\/revisions"}],"predecessor-version":[{"id":5941,"href":"https:\/\/frutygreen.com\/en\/wp-json\/wp\/v2\/pages\/5933\/revisions\/5941"}],"wp:attachment":[{"href":"https:\/\/frutygreen.com\/en\/wp-json\/wp\/v2\/media?parent=5933"}],"curies":[{"name":"wp","href":"https:\/\/api.w.org\/{rel}","templated":true}]}}